{"id":1819,"date":"2019-06-28T07:38:52","date_gmt":"2019-06-28T07:38:52","guid":{"rendered":"https:\/\/www.special-diesel.it\/the-company\/"},"modified":"2024-03-26T10:49:43","modified_gmt":"2024-03-26T10:49:43","slug":"the-company","status":"publish","type":"page","link":"https:\/\/www.special-diesel.it\/en\/the-company\/","title":{"rendered":"The company"},"content":{"rendered":"<p>[vc_row el_id=&#8221;bw&#8221;][vc_column][vc_empty_space alter_height=&#8221;large&#8221; hide_on_mobile=&#8221;&#8221;][\/vc_column][vc_column offset=&#8221;vc_col-lg-6 vc_col-md-6 vc_col-xs-12&#8243;]<div id=\"sc_title_1698777420\"\n\t\tclass=\"sc_title sc_title_default  vc_custom_1561707703161\"><h6 class=\"sc_item_subtitle sc_title_subtitle sc_align_center sc_item_title_style_default\">Our philosophy<\/h6><h2 class=\"sc_item_title sc_title_title sc_align_center sc_item_title_style_default sc_item_title_tag\">Time and enthusiasm<\/h2><\/div><!-- \/.sc_title -->[vc_column_text]<\/p>\n<h3 style=\"text-align: center;\">Experience and precision<\/h3>\n<p style=\"text-align: center;\">Special Diesel has been working in the production of mechanical components and delivery valves for diesel engines for more than 50 years.<u><\/u><u><\/u><\/p>\n<p style=\"text-align: center;\">Since 1962 enthusiasm and passion have been the winning combination for customer satisfaction, as well as a service of absolute excellence in terms of answers, time and quality. <u><\/u><u><\/u><\/p>\n<p style=\"text-align: center;\">Our company has always aimed at providing a guaranteed product and an accurate service with attention to every detail, by cultivating long-lasting relationships with our customers.<\/p>\n<p>[\/vc_column_text][\/vc_column][vc_column offset=&#8221;vc_col-lg-6 vc_col-md-6 vc_col-xs-12&#8243;][vc_empty_space alter_height=&#8221;small&#8221; hide_on_mobile=&#8221;&#8221;][vc_single_image image=&#8221;1842&#8243; img_size=&#8221;full&#8221; alignment=&#8221;center&#8221;][\/vc_column][\/vc_row][vc_row el_id=&#8221;bw&#8221;][vc_column][vc_empty_space alter_height=&#8221;middle&#8221; hide_on_mobile=&#8221;&#8221;][\/vc_column][vc_column width=&#8221;1\/2&#8243; offset=&#8221;vc_hidden-sm vc_hidden-xs&#8221;][vc_empty_space alter_height=&#8221;small&#8221; hide_on_mobile=&#8221;&#8221;][vc_single_image image=&#8221;1840&#8243; img_size=&#8221;full&#8221; alignment=&#8221;center&#8221;][\/vc_column][vc_column width=&#8221;1\/2&#8243; offset=&#8221;vc_hidden-sm vc_hidden-xs&#8221;]<div id=\"sc_title_1178261563\"\n\t\tclass=\"sc_title sc_title_default  vc_custom_1645538536276\"><h6 class=\"sc_item_subtitle sc_title_subtitle sc_align_center sc_item_title_style_default\">Our path<\/h6><h2 class=\"sc_item_title sc_title_title sc_align_center sc_item_title_style_default sc_item_title_tag\">On different roads<\/h2><\/div><!-- \/.sc_title -->[vc_column_text]<\/p>\n<h3 style=\"text-align: center;\">Our path<\/h3>\n<p style=\"text-align: center;\">Thanks to decades of experience along with continuous innovation and investment in research and development, Special Diesel is able to offer a wide range of high-quality products.<\/p>\n<p style=\"text-align: center;\">Up to date, Special Diesel product range includes delivery valves for diesel engines, components for methane engines and injector test engines, as well as the production of prototypes designed and built according to the specific needs of customers.<\/p>\n<p>[\/vc_column_text][\/vc_column][\/vc_row][vc_row][vc_column][\/vc_column][vc_column offset=&#8221;vc_hidden-lg vc_hidden-md vc_col-xs-12&#8243;]<div id=\"sc_title_1854169738\"\n\t\tclass=\"sc_title sc_title_default  vc_custom_1561707762150\"><h6 class=\"sc_item_subtitle sc_title_subtitle sc_align_center sc_item_title_style_default\">Our path<\/h6><h2 class=\"sc_item_title sc_title_title sc_align_center sc_item_title_style_default sc_item_title_tag\">Along different ways<\/h2><\/div><!-- \/.sc_title -->[vc_column_text]<\/p>\n<h3 style=\"text-align: center;\">Our path up to now<\/h3>\n<p style=\"text-align: center;\">With the experience gained over the years and the continuous investments in research and development, Special Diesel has grown together with the range of its products.<\/p>\n<p style=\"text-align: center;\">Starting from the delivery valve for diesel engines, it has expanded to the production of components for methane engines and injector tests, up to the implementation of a segment fully dedicated to the realization of prototypes designed and built on the basis of our customers&#8217; specific needs.<\/p>\n<p>[\/vc_column_text][\/vc_column][vc_column offset=&#8221;vc_hidden-lg vc_hidden-md vc_col-xs-12&#8243;][vc_empty_space alter_height=&#8221;small&#8221; hide_on_mobile=&#8221;&#8221;][vc_single_image image=&#8221;1840&#8243; img_size=&#8221;full&#8221; alignment=&#8221;center&#8221;][\/vc_column][\/vc_row][vc_row][vc_column][vc_empty_space alter_height=&#8221;large&#8221; hide_on_mobile=&#8221;&#8221;][\/vc_column][\/vc_row][vc_row][vc_column]<div class=\"sc_layouts sc_layouts_default sc_layouts_1816\">[vc_row full_width=\"stretch_row\" parallax=\"content-moving\" parallax_speed_bg=\"2\" scheme=\"default\" css=\".vc_custom_1552995447122{background-image: url(https:\/\/www.special-diesel.it\/wp-content\/uploads\/2017\/03\/testimonial.jpg?id=1179) !important;background-position: center;background-repeat: no-repeat !important;background-size: cover !important;}\" el_id=\"cta\"][vc_column icons_position=\"left\"][vc_empty_space alter_height=\"medium\" hide_on_mobile=\"\" css=\".vc_custom_1552985776710{margin-top: 1.4rem !important;}\"]<div class=\"sc_layouts_item\"><div  id=\"sc_action_345261372\" \n\tclass=\"scheme_default sc_action sc_action_large\"><div class=\"sc_action_content sc_item_content\"><div class=\"sc_action_item sc_action_item_large sc_action_item_mc\">\n\t\t\t<h6 class=\"sc_action_item_subtitle\"><span>Contact us and ask for a quote<\/span><\/h6><h3 class=\"sc_action_item_title\"><span> We focus on duration<\/span><\/h3><div class=\"sc_action_item_description\"><span>Every day we strive to provide our customers with excellent and high-quality service, paying attention during each step of the production of our precision mechanical components.<\/span><\/div><a href=\"https:\/\/www.special-diesel.it\/en\/contacts\/\" class=\"sc_action_item_link\">Contact us<\/a><\/div><\/div><\/div><!-- \/.sc_action --><\/div>[vc_empty_space alter_height=\"medium\" hide_on_mobile=\"\" css=\".vc_custom_1552985781463{margin-bottom: 0.85rem !important;}\"][\/vc_column][\/vc_row]<\/div>[\/vc_column][\/vc_row][vc_row css=&#8221;.vc_custom_1556806278400{background-image: url(https:\/\/www.special-diesel.it\/wp-content\/uploads\/2019\/05\/dec1.png?id=1570) !important;}&#8221;][vc_column]<div class=\"sc_layouts sc_layouts_default sc_layouts_2387\">[vc_row][vc_column icons_position=\"left\"][vc_empty_space alter_height=\"large\" hide_on_mobile=\"\"]<div class=\"sc_layouts_item\"><div id=\"sc_title_1363139179\"\n\t\tclass=\"sc_title sc_title_default\"><h6 class=\"sc_item_subtitle sc_title_subtitle sc_align_center sc_item_title_style_default\">Quality<\/h6><h2 class=\"sc_item_title sc_title_title sc_align_center sc_item_title_style_default\">Stable, winning products<\/h2><\/div><!-- \/.sc_title --><\/div>[\/vc_column][\/vc_row][vc_row content_placement=\"middle\"][vc_column width=\"1\/3\" icons_position=\"left\" offset=\"vc_hidden-sm vc_hidden-xs\"][vc_empty_space alter_height=\"large\" hide_on_mobile=\"\"][vc_row_inner equal_height=\"yes\" content_placement=\"top\" el_id=\"servizio\"][vc_column_inner width=\"2\/3\" icons_position=\"left\"][vc_column_text]\r\n<h3 style=\"text-align: right;\">Strength and endurance<\/h3>\r\n<p style=\"text-align: right;\">Every single component is designed to be durable and reliable, forming exceptional products.<\/p>\r\n[\/vc_column_text][\/vc_column_inner][vc_column_inner el_class=\"iconasx\" width=\"1\/3\" icons_position=\"left\"][vc_single_image image=\"2327\" img_size=\"80x80\" onclick=\"custom_link\" el_class=\"icona-veicolo\" link=\"#\"][\/vc_column_inner][\/vc_row_inner][vc_empty_space alter_height=\"middle\" hide_on_mobile=\"\"][vc_row_inner equal_height=\"yes\" content_placement=\"top\" el_id=\"servizio\"][vc_column_inner width=\"2\/3\" icons_position=\"left\"][vc_column_text]\r\n<h3 style=\"text-align: right;\">Quality and durability<\/h3>\r\n<p style=\"text-align: right;\">Choosing quality components is essential to ensure maximum product durability and improve the standard of the product.<\/p>\r\n[\/vc_column_text][\/vc_column_inner][vc_column_inner el_class=\"iconasx\" width=\"1\/3\" icons_position=\"left\"][vc_single_image image=\"2327\" img_size=\"80x80\" onclick=\"custom_link\" el_class=\"icona-veicolo\" link=\"#\"][\/vc_column_inner][\/vc_row_inner][vc_empty_space alter_height=\"large\" hide_on_mobile=\"\"][\/vc_column][vc_column width=\"1\/3\" icons_position=\"left\" offset=\"vc_hidden-sm vc_hidden-xs\"][vc_single_image image=\"2321\" img_size=\"large\" alignment=\"center\"][\/vc_column][vc_column width=\"1\/3\" icons_position=\"left\" offset=\"vc_hidden-sm vc_hidden-xs\"][vc_empty_space alter_height=\"large\" hide_on_mobile=\"\"][vc_row_inner equal_height=\"yes\" content_placement=\"top\" el_id=\"servizio\"][vc_column_inner el_class=\"iconadx\" width=\"1\/3\" icons_position=\"left\"][vc_single_image image=\"2329\" img_size=\"80x80\" onclick=\"custom_link\" el_class=\"icona-veicolo\" link=\"#\"][\/vc_column_inner][vc_column_inner width=\"2\/3\" icons_position=\"left\"][vc_column_text]\r\n<h3 style=\"text-align: left;\">Speed and Assistance<\/h3>\r\nNot only quality, but also speed of production and delivery. Constant support even after the sale, for a complete service.[\/vc_column_text][\/vc_column_inner][\/vc_row_inner][vc_empty_space alter_height=\"middle\" hide_on_mobile=\"\"][vc_row_inner equal_height=\"yes\" content_placement=\"top\" el_id=\"servizio\"][vc_column_inner el_class=\"iconadx\" width=\"1\/3\" icons_position=\"left\"][vc_single_image image=\"2329\" img_size=\"80x80\" onclick=\"custom_link\" el_class=\"icona-veicolo\" link=\"#\"][\/vc_column_inner][vc_column_inner width=\"2\/3\" icons_position=\"left\"][vc_column_text]\r\n<h3 style=\"text-align: left;\">Stable and performing<\/h3>\r\nThanks to the robustness and reliability of the components, the final product is more stable, reliable and with improved performance.[\/vc_column_text][\/vc_column_inner][\/vc_row_inner][vc_empty_space alter_height=\"large\" hide_on_mobile=\"\"][\/vc_column][\/vc_row][vc_row content_placement=\"middle\"][vc_column icons_position=\"left\" offset=\"vc_hidden-lg vc_hidden-md vc_col-xs-12 vc_hidden-xs\"][vc_empty_space alter_height=\"large\" hide_on_mobile=\"\"][vc_row_inner equal_height=\"yes\" content_placement=\"top\"][vc_column_inner el_class=\"iconasx\" width=\"1\/6\" icons_position=\"left\"][vc_single_image image=\"2329\" img_size=\"80x80\" onclick=\"custom_link\" el_class=\"icona-veicolo\" link=\"#\"][\/vc_column_inner][vc_column_inner width=\"2\/3\" icons_position=\"left\"][vc_column_text]\r\n<h3 style=\"text-align: left;\">Strength and endurance<\/h3>\r\n<p style=\"text-align: left;\">It is the strength of each individual component, its durability and reliability, that make a system an exceptional product.<\/p>\r\n[\/vc_column_text][\/vc_column_inner][\/vc_row_inner][vc_empty_space alter_height=\"middle\" hide_on_mobile=\"\"][vc_row_inner equal_height=\"yes\" content_placement=\"top\"][vc_column_inner el_class=\"iconasx\" width=\"1\/6\" icons_position=\"left\"][vc_single_image image=\"2329\" img_size=\"80x80\" onclick=\"custom_link\" el_class=\"icona-veicolo\" link=\"#\"][\/vc_column_inner][vc_column_inner width=\"2\/3\" icons_position=\"left\"][vc_column_text]\r\n<h3 style=\"text-align: left;\">Quality and durability<\/h3>\r\n<p style=\"text-align: left;\">Choosing quality components serves to ensure the durability of the finished product and raise its standard.<\/p>\r\n[\/vc_column_text][\/vc_column_inner][\/vc_row_inner][vc_empty_space alter_height=\"large\" hide_on_mobile=\"\"][vc_row_inner equal_height=\"yes\" content_placement=\"top\"][vc_column_inner el_class=\"iconadx\" width=\"1\/6\" icons_position=\"left\"][vc_single_image image=\"2329\" img_size=\"80x80\" onclick=\"custom_link\" el_class=\"icona-veicolo\" link=\"#\"][\/vc_column_inner][vc_column_inner width=\"2\/3\" icons_position=\"left\"][vc_column_text]\r\n<h3 style=\"text-align: left;\">Speed and Assistance<\/h3>\r\n<p style=\"text-align: left;\">We ensure very short production and delivery times; we also assist the customer after the sale.<\/p>\r\n[\/vc_column_text][\/vc_column_inner][\/vc_row_inner][vc_empty_space alter_height=\"middle\" hide_on_mobile=\"\"][vc_row_inner equal_height=\"yes\" content_placement=\"top\"][vc_column_inner el_class=\"iconadx\" width=\"1\/6\" icons_position=\"left\"][vc_single_image image=\"2329\" img_size=\"80x80\" onclick=\"custom_link\" el_class=\"icona-veicolo\" link=\"#\"][\/vc_column_inner][vc_column_inner width=\"2\/3\" icons_position=\"left\"][vc_column_text]\r\n<h3 style=\"text-align: left;\">Stable and performing<\/h3>\r\n<p style=\"text-align: left;\">Aiming for excellent parts makes the whole thing stronger, more stable, more performant.<\/p>\r\n[\/vc_column_text][\/vc_column_inner][\/vc_row_inner][vc_empty_space alter_height=\"large\" hide_on_mobile=\"\"][\/vc_column][\/vc_row][vc_row content_placement=\"middle\"][vc_column icons_position=\"left\" offset=\"vc_hidden-lg vc_hidden-md vc_hidden-sm vc_col-xs-12\" el_id=\"blocco-azienda\"][vc_empty_space alter_height=\"large\" hide_on_mobile=\"\"][vc_row_inner equal_height=\"yes\" content_placement=\"top\"][vc_column_inner el_class=\"iconasx\" width=\"1\/6\" icons_position=\"left\"][vc_single_image image=\"2329\" img_size=\"80x80\" onclick=\"custom_link\" el_class=\"icona-veicolo\" link=\"#\"][\/vc_column_inner][vc_column_inner width=\"2\/3\" icons_position=\"left\"][vc_column_text]\r\n<h3 style=\"text-align: center;\">Strength and endurance<\/h3>\r\n<p style=\"text-align: center;\">It is the strength of each individual component, its durability and reliability, that make a system an exceptional product.<\/p>\r\n[\/vc_column_text][\/vc_column_inner][\/vc_row_inner][vc_empty_space alter_height=\"middle\" hide_on_mobile=\"\"][vc_row_inner equal_height=\"yes\" content_placement=\"top\"][vc_column_inner el_class=\"iconasx\" width=\"1\/6\" icons_position=\"left\"][vc_single_image image=\"2329\" img_size=\"80x80\" onclick=\"custom_link\" el_class=\"icona-veicolo\" link=\"#\"][\/vc_column_inner][vc_column_inner width=\"2\/3\" icons_position=\"left\"][vc_column_text]\r\n<h3 style=\"text-align: center;\">Quality and durability<\/h3>\r\n<p style=\"text-align: center;\">Choosing quality components serves to ensure the durability of the finished product and raise its standard.<\/p>\r\n[\/vc_column_text][\/vc_column_inner][\/vc_row_inner][vc_empty_space alter_height=\"large\" hide_on_mobile=\"\"][vc_row_inner equal_height=\"yes\" content_placement=\"top\"][vc_column_inner el_class=\"iconadx\" width=\"1\/6\" icons_position=\"left\"][vc_single_image image=\"2329\" img_size=\"80x80\" onclick=\"custom_link\" el_class=\"icona-veicolo\" link=\"#\"][\/vc_column_inner][vc_column_inner width=\"2\/3\" icons_position=\"left\"][vc_column_text]\r\n<h3 style=\"text-align: center;\">Speed and Assistance<\/h3>\r\n<p style=\"text-align: center;\">We ensure very short production and delivery times; we also assist the customer after the sale.<\/p>\r\n[\/vc_column_text][\/vc_column_inner][\/vc_row_inner][vc_empty_space alter_height=\"middle\" hide_on_mobile=\"\"][vc_row_inner equal_height=\"yes\" content_placement=\"top\"][vc_column_inner el_class=\"iconadx\" width=\"1\/6\" icons_position=\"left\"][vc_single_image image=\"2329\" img_size=\"80x80\" onclick=\"custom_link\" el_class=\"icona-veicolo\" link=\"#\"][\/vc_column_inner][vc_column_inner width=\"2\/3\" icons_position=\"left\"][vc_column_text]\r\n<h3 style=\"text-align: center;\">Stable and performing<\/h3>\r\n<p style=\"text-align: center;\">Aiming for excellent parts makes the whole thing stronger, more stable, more performant.<\/p>\r\n[\/vc_column_text][\/vc_column_inner][\/vc_row_inner][vc_empty_space alter_height=\"large\" hide_on_mobile=\"\"][\/vc_column][\/vc_row]<\/div>[\/vc_column][\/vc_row][vc_row][vc_column]<div class=\"sc_layouts sc_layouts_default sc_layouts_662\">[vc_row full_width=\"stretch_row\" scheme=\"default\" row_delimiter=\"\" row_fixed=\"\" hide_on_tablet=\"\" hide_on_mobile=\"\" hide_on_frontpage=\"\" css=\".vc_custom_1552995208310{background-image: url(https:\/\/www.special-diesel.it\/wp-content\/uploads\/2017\/03\/testimonial2.jpg?id=1201) !important;background-position: center !important;background-repeat: no-repeat !important;background-size: cover !important;}\"][vc_column icons_position=\"left\"][vc_empty_space alter_height=\"middle\" hide_on_mobile=\"\"]<div class=\"sc_layouts_item\"><div class=\"scheme_dark sc_testimonials sc_testimonials_default\"><h6 class=\"sc_item_subtitle sc_testimonials_subtitle sc_align_center sc_item_title_style_default\">They say<\/h6><h2 class=\"sc_item_title sc_testimonials_title sc_align_center sc_item_title_style_default sc_item_title_tag\">Testimonials<\/h2><div class=\"sc_testimonials_slider sc_item_slider\tslider_swiper_outer slider_outer_nocontrols slider_outer_nopagination slider_outer_one\">\n\t<div class=\"swiper-slider-container slider_swiper slider_noresize slider_nocontrols slider_nopagination slider_one\" data-slides-min-width=\"150\">\n\t\t<div class=\"slides swiper-wrapper sc_item_columns_1\"><div class=\"swiper-slide\"><div class=\"sc_testimonials_item\">\n    \t<div class=\"sc_testimonials_item_content\"><p><em>Ho avuto occasione di contattarvi per delle valvole fuori produzione. Siete stati disponibili e gentili anche se la quantit\u00e0 di materiale ordinato era irrisoria. Mi avete trattato come se fossi stato un Vs cliente importante. Avete rispettato e anticipato i tempi di consegna. Il materiale consegnato \u00e8 risultato di prima qualit\u00e0. Che dire di voi&#8230; siete un fornitore affidabile sotto tutti i punti.<\/em><\/p>\n<\/div>\n\t<div class=\"sc_testimonials_item_author\">\n\t\t<div class=\"sc_testimonials_item_author_data\">\n\t\t\t<h4 class=\"sc_testimonials_item_author_title\">OFFICINA MECCANICA DI GIUSTO LUIGINO<\/h4>\n\t\t\t<div class=\"sc_testimonials_item_author_subtitle\"><\/div>\n\t\t<\/div>\n\t<\/div>\n<\/div>\n<\/div><div class=\"swiper-slide\"><div class=\"sc_testimonials_item\">\n    \t<div class=\"sc_testimonials_item_content\"><p><em>Quando scegliamo un&#8217;azienda con la quale collaborare non valutiamo solo la gamma di prodotti che tratta e la qualit\u00e0 degli stessi ma valutiamo sopratutto le persone dietro di essa. La professionalit\u00e0 e la seriet\u00e0 sono caratteristiche imprescindibili per una partnership duratura e Special Diesel incarna tutto questo, abbinata a quel pizzico di solarit\u00e0 che \u00e8 sempre benaccetto.<\/em><\/p>\n<\/div>\n\t<div class=\"sc_testimonials_item_author\">\n\t\t<div class=\"sc_testimonials_item_author_data\">\n\t\t\t<h4 class=\"sc_testimonials_item_author_title\">MATTIELLO PARTS SRL<\/h4>\n\t\t\t<div class=\"sc_testimonials_item_author_subtitle\"><\/div>\n\t\t<\/div>\n\t<\/div>\n<\/div>\n<\/div><div class=\"swiper-slide\"><div class=\"sc_testimonials_item\">\n    \t<div class=\"sc_testimonials_item_content\"><p><em>We know your company very well.\u00a0Good quality, famous &amp; honest!<\/em><\/p>\n<\/div>\n\t<div class=\"sc_testimonials_item_author\">\n\t\t<div class=\"sc_testimonials_item_author_data\">\n\t\t\t<h4 class=\"sc_testimonials_item_author_title\">ATECO<\/h4>\n\t\t\t<div class=\"sc_testimonials_item_author_subtitle\"><\/div>\n\t\t<\/div>\n\t<\/div>\n<\/div>\n<\/div><div class=\"swiper-slide\"><div class=\"sc_testimonials_item\">\n    \t<div class=\"sc_testimonials_item_content\"><p><em>Excellent Quality, Excellent People!<\/em><\/p>\n<\/div>\n\t<div class=\"sc_testimonials_item_author\">\n\t\t<div class=\"sc_testimonials_item_author_data\">\n\t\t\t<h4 class=\"sc_testimonials_item_author_title\">RM RESURGO MARINE SRL<\/h4>\n\t\t\t<div class=\"sc_testimonials_item_author_subtitle\"><\/div>\n\t\t<\/div>\n\t<\/div>\n<\/div>\n<\/div><div class=\"swiper-slide\"><div class=\"sc_testimonials_item\">\n    \t<div class=\"sc_testimonials_item_content\"><p><em>I cannot say but good things about SPECIAL DIESEL. What makes SPECIAL DIESEL very SPECIAL is the fact that none of its valves was rejected or returned all over the years we have been working with them. Its quality is excellent and clients are always satisfied!<\/em><\/p>\n<\/div>\n\t<div class=\"sc_testimonials_item_author\">\n\t\t<div class=\"sc_testimonials_item_author_data\">\n\t\t\t<h4 class=\"sc_testimonials_item_author_title\">BTCSC BOUSTANY<\/h4>\n\t\t\t<div class=\"sc_testimonials_item_author_subtitle\"><\/div>\n\t\t<\/div>\n\t<\/div>\n<\/div>\n<\/div><div class=\"swiper-slide\"><div class=\"sc_testimonials_item\">\n    \t<div class=\"sc_testimonials_item_content\"><p><em>Special Diesel products is Italian original products with high quality, and the factory have a big reputation and long history in our markets and there is no any problems of its products.<\/em><\/p>\n<\/div>\n\t<div class=\"sc_testimonials_item_author\">\n\t\t<div class=\"sc_testimonials_item_author_data\">\n\t\t\t<h4 class=\"sc_testimonials_item_author_title\">FARAG\/Diesel &#8211; EGYPT<\/h4>\n\t\t\t<div class=\"sc_testimonials_item_author_subtitle\"><\/div>\n\t\t<\/div>\n\t<\/div>\n<\/div>\n<\/div><div class=\"swiper-slide\"><div class=\"sc_testimonials_item\">\n    \t<div class=\"sc_testimonials_item_content\"><div><em>Desideriamo confermare che la Firad ha avuto ed ha un solido rapporto di collaborazione con la Special Diesel che ha sempre saputo produrre con qualit\u00e0 e con un\u2019ampia gamma i prodotti di cui si \u00e8 resa specialista apprezzata, non solo in Italia ed in Europa ma nel mondo intero.<\/em><\/div>\n<div><em>Auspichiamo ed auguriamo alla Special Diesel la pi\u00f9 proficua attivit\u00e0 industriale nella continuazione del presente e del suo crescente futuro industriale.<\/em><\/div>\n<\/div>\n\t<div class=\"sc_testimonials_item_author\">\n\t\t<div class=\"sc_testimonials_item_author_data\">\n\t\t\t<h4 class=\"sc_testimonials_item_author_title\">FIRAD SPA<\/h4>\n\t\t\t<div class=\"sc_testimonials_item_author_subtitle\"><\/div>\n\t\t<\/div>\n\t<\/div>\n<\/div>\n<\/div><\/div><\/div><\/div><\/div><!-- \/.sc_testimonials --><\/div>[vc_empty_space alter_height=\"middle\" hide_on_mobile=\"\" css=\".vc_custom_1552989685831{margin-bottom: -0.7rem !important;}\"][\/vc_column][\/vc_row]<\/div>[\/vc_column][\/vc_row]<\/p>\n","protected":false},"excerpt":{"rendered":"<p>[vc_row el_id=&#8221;bw&#8221;][vc_column][vc_empty_space alter_height=&#8221;large&#8221; hide_on_mobile=&#8221;&#8221;][\/vc_column][vc_column offset=&#8221;vc_col-lg-6 vc_col-md-6 vc_col-xs-12&#8243;][vc_column_text] Experience and precision Special Diesel has been working in the production of mechanical components and delivery valves for diesel engines for more than 50 years. Since 1962 enthusiasm and passion have been the&hellip;<\/p>\n","protected":false},"author":1,"featured_media":0,"parent":0,"menu_order":0,"comment_status":"closed","ping_status":"closed","template":"","meta":{"_mi_skip_tracking":false},"_links":{"self":[{"href":"https:\/\/www.special-diesel.it\/en\/wp-json\/wp\/v2\/pages\/1819"}],"collection":[{"href":"https:\/\/www.special-diesel.it\/en\/wp-json\/wp\/v2\/pages"}],"about":[{"href":"https:\/\/www.special-diesel.it\/en\/wp-json\/wp\/v2\/types\/page"}],"author":[{"embeddable":true,"href":"https:\/\/www.special-diesel.it\/en\/wp-json\/wp\/v2\/users\/1"}],"replies":[{"embeddable":true,"href":"https:\/\/www.special-diesel.it\/en\/wp-json\/wp\/v2\/comments?post=1819"}],"version-history":[{"count":11,"href":"https:\/\/www.special-diesel.it\/en\/wp-json\/wp\/v2\/pages\/1819\/revisions"}],"predecessor-version":[{"id":2385,"href":"https:\/\/www.special-diesel.it\/en\/wp-json\/wp\/v2\/pages\/1819\/revisions\/2385"}],"wp:attachment":[{"href":"https:\/\/www.special-diesel.it\/en\/wp-json\/wp\/v2\/media?parent=1819"}],"curies":[{"name":"wp","href":"https:\/\/api.w.org\/{rel}","templated":true}]}}